{"id":3,"date":"2018-10-25T18:08:57","date_gmt":"2018-10-25T18:08:57","guid":{"rendered":"http:\/\/wp1095818.server-he.de\/wordpress\/?page_id=3"},"modified":"2018-10-25T19:47:35","modified_gmt":"2018-10-25T19:47:35","slug":"datenschutz","status":"publish","type":"page","link":"https:\/\/maschinenmanufaktur-ulbricht.de\/index.php\/datenschutz\/","title":{"rendered":"Datenschutz"},"content":{"rendered":"<div>\n<p>Mein Anspruch:\u00a0 Pers\u00f6nliche Daten sind Vertrauenssache!<\/p>\n<p>Der sorgf\u00e4ltige Umgang mit Ihren pers\u00f6nlichen Informationen und Daten hat bei mir stets h\u00f6chste Priorit\u00e4t.\u00a0Ich weiss, Ihr Vertrauen zu sch\u00e4tzen und versichere Ihnen, dass ich sehr gewissenhaft mit Ihren pers\u00f6nlichen Daten umgehe.\u00a0Grunds\u00e4tzlich gebe ich keine Daten an Dritte weiter. Nur in wenigen Ausnahmen lediglich zu Referenzzwecken. Daf\u00fcr hole ich mir in jedem Fall Ihr ausdr\u00fcckliches,\u00a0schriftliches Einverst\u00e4ndnis.<\/p>\n<h1><span style=\"font-size: 1.5rem;\">Datenschutzerkl\u00e4rung<\/span><\/h1>\n<\/div>\n<p>Soweit nachstehend keine anderen Angaben gemacht werden, ist die Bereitstellung Ihrer personenbezogenen Daten weder gesetzlich oder vertraglich vorgeschrieben,\u00a0noch f\u00fcr einen Vertragsabschluss erforderlich. Sie sind zur Bereitstellung der Daten nicht verpflichtet. Eine Nichtbereitstellung hat keine Folgen. Dies gilt nur soweit bei den\u00a0nachfolgenden Verarbeitungsvorg\u00e4ngen keine andersweitige Angabe gemacht wird.<\/p>\n<p>&#8222;Personenbezogene Daten&#8220; sind alle Informationen, die sich auf eine identifizierte oder identifizierbare nat\u00fcrliche Person beziehen.<\/p>\n<p>Erhebung, Verarbeitung und Nutzung personenbezogener Daten bei Bestellungen<\/p>\n<p>Bei der Bestellung erhebe und verwende ich Ihre personenbezogenen Daten nur, soweit dies zur Erf\u00fcllung und Abwicklung Ihrer Bestellung bzw. Auftrages sowie\u00a0zur Bearbeitung Ihrer Anfragen erforderlich ist. Die Bereitstellung der Daten ist f\u00fcr den Vertragsabschluss erforderlich. Eine Nichtbereitstellung hat zur Folge, dass kein Vertrag\u00a0geschlossen werden kann. Die Verarbeitung erfolgt auf Grundlage des Art. 6(1) lit. b DSGVO und ist f\u00fcr die Erf\u00fcllung eines Vertrages mit Ihnen erforderlich.<br \/>\nEine Weitergabe Ihrer Daten an Dritte ohne Ihre ausdr\u00fcckliche Einwilligung erfolgt nicht.<\/p>\n<h2>Dauer der Speicherung Ihrer Daten<\/h2>\n<p>Nach vollst\u00e4ndiger Vertragsabwicklung werden die Daten zun\u00e4chst f\u00fcr die Dauer der Gew\u00e4hrleistungsfrist, danach unter Ber\u00fccksichtigung gesetzlicher,\u00a0insbesondere steuer- und handelsrechtlicher Aufbewahrungsfristen gespeichert und dann nach Fristablauf gel\u00f6scht.<\/p>\n<h2>Rechte der betroffenen Personen<\/h2>\n<p>Ihnen stehen bei Vorliegen der gesetzlichen Vorraussetzungen folgende Rechte nach Art. 15 bis 20 DSGVO zu:<\/p>\n<ul>\n<li>Recht auf Auskunft, auf Berichtigung, auf L\u00f6schung, auf Einschr\u00e4nkung der Verarbeitung, auf Daten\u00fcbertragbarkeit.<\/li>\n<li>Au\u00dferdem steht Ihnen nach Art. 21 (1) DSGVO ein Widerspruchsrecht gegen die Vera zu, die auf Art. 6 (1) f DSGVO beruhen, sowie gegen die Verarbeitung zum Zwecke von Direktwerbung.<\/li>\n<\/ul>\n<h2><strong>\u00a0<\/strong>Beschwerderecht bei der Aufsichtsbeh\u00f6rde<\/h2>\n<p>Sie haben gem\u00e4\u00df Art. 77 DSGVO das Recht, sich bei der Aufsichtsbeh\u00f6rde zu beschweren, wenn Sie der Ansicht sind, dass die\u00a0Verarbeitung Ihrer personenbezogenen Daten nicht rechtm\u00e4\u00dfig erfolgt.<\/p>\n","protected":false},"excerpt":{"rendered":"<p>Mein Anspruch:\u00a0 Pers\u00f6nliche Daten sind Vertrauenssache! Der sorgf\u00e4ltige Umgang mit Ihren pers\u00f6nlichen Informationen und Daten hat bei mir stets h\u00f6chste Priorit\u00e4t.\u00a0Ich weiss, Ihr Vertrauen zu sch\u00e4tzen und versichere Ihnen, dass ich sehr gewissenhaft mit Ihren pers\u00f6nlichen Daten umgehe.\u00a0Grunds\u00e4tzlich gebe ich keine Daten an Dritte weiter. Nur in wenigen Ausnahmen lediglich zu Referenzzwecken. Daf\u00fcr hole ich &hellip; <\/p>\n<p class=\"link-more\"><a href=\"https:\/\/maschinenmanufaktur-ulbricht.de\/index.php\/datenschutz\/\" class=\"more-link\"><span class=\"screen-reader-text\">\u201eDatenschutz\u201c<\/span> weiterlesen<\/a><\/p>\n","protected":false},"author":1,"featured_media":0,"parent":0,"menu_order":0,"comment_status":"closed","ping_status":"open","template":"","meta":{"ngg_post_thumbnail":0,"footnotes":""},"class_list":["post-3","page","type-page","status-publish","hentry"],"_links":{"self":[{"href":"https:\/\/maschinenmanufaktur-ulbricht.de\/index.php\/wp-json\/wp\/v2\/pages\/3","targetHints":{"allow":["GET"]}}],"collection":[{"href":"https:\/\/maschinenmanufaktur-ulbricht.de\/index.php\/wp-json\/wp\/v2\/pages"}],"about":[{"href":"https:\/\/maschinenmanufaktur-ulbricht.de\/index.php\/wp-json\/wp\/v2\/types\/page"}],"author":[{"embeddable":true,"href":"https:\/\/maschinenmanufaktur-ulbricht.de\/index.php\/wp-json\/wp\/v2\/users\/1"}],"replies":[{"embeddable":true,"href":"https:\/\/maschinenmanufaktur-ulbricht.de\/index.php\/wp-json\/wp\/v2\/comments?post=3"}],"version-history":[{"count":1,"href":"https:\/\/maschinenmanufaktur-ulbricht.de\/index.php\/wp-json\/wp\/v2\/pages\/3\/revisions"}],"predecessor-version":[{"id":45,"href":"https:\/\/maschinenmanufaktur-ulbricht.de\/index.php\/wp-json\/wp\/v2\/pages\/3\/revisions\/45"}],"wp:attachment":[{"href":"https:\/\/maschinenmanufaktur-ulbricht.de\/index.php\/wp-json\/wp\/v2\/media?parent=3"}],"curies":[{"name":"wp","href":"https:\/\/api.w.org\/{rel}","templated":true}]}}