{"id":5,"date":"2018-10-25T18:14:57","date_gmt":"2018-10-25T18:14:57","guid":{"rendered":"http:\/\/wp1095818.server-he.de\/wordpress\/?page_id=5"},"modified":"2018-10-27T19:39:19","modified_gmt":"2018-10-27T17:39:19","slug":"home","status":"publish","type":"page","link":"https:\/\/maschinenmanufaktur-ulbricht.de\/","title":{"rendered":"Firma"},"content":{"rendered":"<h1>Wenn Ihnen Individualit\u00e4t, Qualit\u00e4t und Robustheit auch sehr viel bedeuten, dann sind Sie hier genau richtig!<\/h1>\n<p><img loading=\"lazy\" decoding=\"async\" class=\"size-medium wp-image-33 alignleft\" src=\"http:\/\/wp1095818.server-he.de\/wordpress\/wp-content\/uploads\/2018\/10\/img8-202x300.gif\" alt=\"\" width=\"202\" height=\"300\">Unsere&nbsp;<strong>Fa. Kurt Ulbricht<\/strong>&nbsp;ist ein kleiner Maschinenbau-Handwerksbetrieb mitten im Spielzeugdorf&nbsp;Seiffen&nbsp;im Erzgebirge. Wir bauen nun schon seit fast 55 Jahren, in dritter Generation Drechselb\u00e4nke, Kreiss\u00e4gen, Sondermaschinen, Zubeh\u00f6r und diverse Werkzeuge.<\/p>\n<p>Unsere Produkte sind keine Serienware. Unsere Drechselb\u00e4nke sind Unikate f\u00fcr Individualisten, exakt auf Ihre Bed\u00fcrfnisse zugeschnitten. Sie sagen uns was Sie w\u00fcnschen und wir bauen es! Die Maschinen aus unserer Manufaktur zeichnen sich aus durch Ihr schlichtes, sch\u00f6nes Design, durch Ihre Robustheit und lange Lebensdauer, durch Ihr individuelles Erscheinungsbild und durch hohe Laufruhe selbst bei h\u00f6chsten mechanischen Belastungen.<\/p>\n<p>Wir fertigen Ihnen Ihre Drechselbank ma\u00dfgeschneidert nach Ihren W\u00fcnschen!<\/p>\n<h2>Unsere Produkte<\/h2>\n<ul>\n<li>Drechselb\u00e4nke in verschiedenen Ausf\u00fchrungen<\/li>\n<li>Handgeschmiedete Ringanschlagfutter in Top-Qualit\u00e4t<\/li>\n<li>Spundfutter, Querholzfutter, Mitnehmer und andere Werkzeuge nach Kundenwunsch<\/li>\n<li>Handhobelmesser inkl. Messerhalter mit Durchlass<\/li>\n<li>Restaurierungen, General\u00fcberholungen und Modernisierungen gebrauchter Maschinen<\/li>\n<li>Ersatzteilanfertigungen<\/li>\n<li>Rationalisierungsmittelbau, Pneumatische Anlagen<\/li>\n<li>Kugellager, Keilriemen, Bohrer, Forstnerbohrer<\/li>\n<li>Kugeldrehvorrichtungen in versch. Gr\u00f6\u00dfen<\/li>\n<li>Rundstabfr\u00e4s-, Anspitz- und Zapfenfr\u00e4smaschinen<\/li>\n<li>diverse Schleif- und Fr\u00e4smaschinen auf Ihren Produktionsbedarf zugeschnitten<\/li>\n<li>Tellerschleifmaschinen<\/li>\n<li>Liegende Bohrmaschinen<\/li>\n<li>Kreiss\u00e4gen in verschiedenen Ausf\u00fchrungen<\/li>\n<li>Trommelanlagen<\/li>\n<li>Und vieles mehr- alles in Kleinserie oder handwerklicher Einzelanfertigung!<\/li>\n<\/ul>\n<p>Bei Interesse senden wir Ihnen gern weitere Produktinformationen und Preise zu. Oder rufen Sie uns einfach an. Wir freuen uns darauf Ihre Fragen beantworten zu d\u00fcrfen. Wir haben auch st\u00e4ndig verschiedene Gebrauchtmaschinen am Lager. Sie suchen etwas? Dann fragen Sie uns einfach. Anfragen werden stets schnell und kompetent beantwortet!<\/p>\n<p>&nbsp;<\/p>\nngg_shortcode_0_placeholder\n","protected":false},"excerpt":{"rendered":"<p>Wenn Ihnen Individualit\u00e4t, Qualit\u00e4t und Robustheit auch sehr viel bedeuten, dann sind Sie hier genau richtig! Unsere&nbsp;Fa. Kurt Ulbricht&nbsp;ist ein kleiner Maschinenbau-Handwerksbetrieb mitten im Spielzeugdorf&nbsp;Seiffen&nbsp;im Erzgebirge. Wir bauen nun schon seit fast 55 Jahren, in dritter Generation Drechselb\u00e4nke, Kreiss\u00e4gen, Sondermaschinen, Zubeh\u00f6r und diverse Werkzeuge. Unsere Produkte sind keine Serienware. Unsere Drechselb\u00e4nke sind Unikate f\u00fcr Individualisten, &hellip; <\/p>\n<p class=\"link-more\"><a href=\"https:\/\/maschinenmanufaktur-ulbricht.de\/\" class=\"more-link\"><span class=\"screen-reader-text\">\u201eFirma\u201c<\/span> weiterlesen<\/a><\/p>\n","protected":false},"author":1,"featured_media":0,"parent":0,"menu_order":0,"comment_status":"closed","ping_status":"closed","template":"","meta":{"ngg_post_thumbnail":0,"footnotes":""},"class_list":["post-5","page","type-page","status-publish","hentry"],"_links":{"self":[{"href":"https:\/\/maschinenmanufaktur-ulbricht.de\/index.php\/wp-json\/wp\/v2\/pages\/5","targetHints":{"allow":["GET"]}}],"collection":[{"href":"https:\/\/maschinenmanufaktur-ulbricht.de\/index.php\/wp-json\/wp\/v2\/pages"}],"about":[{"href":"https:\/\/maschinenmanufaktur-ulbricht.de\/index.php\/wp-json\/wp\/v2\/types\/page"}],"author":[{"embeddable":true,"href":"https:\/\/maschinenmanufaktur-ulbricht.de\/index.php\/wp-json\/wp\/v2\/users\/1"}],"replies":[{"embeddable":true,"href":"https:\/\/maschinenmanufaktur-ulbricht.de\/index.php\/wp-json\/wp\/v2\/comments?post=5"}],"version-history":[{"count":11,"href":"https:\/\/maschinenmanufaktur-ulbricht.de\/index.php\/wp-json\/wp\/v2\/pages\/5\/revisions"}],"predecessor-version":[{"id":121,"href":"https:\/\/maschinenmanufaktur-ulbricht.de\/index.php\/wp-json\/wp\/v2\/pages\/5\/revisions\/121"}],"wp:attachment":[{"href":"https:\/\/maschinenmanufaktur-ulbricht.de\/index.php\/wp-json\/wp\/v2\/media?parent=5"}],"curies":[{"name":"wp","href":"https:\/\/api.w.org\/{rel}","templated":true}]}}